{"id":9819,"date":"2017-10-14T11:29:10","date_gmt":"2017-10-14T10:29:10","guid":{"rendered":"http:\/\/wp2.ebg-schoenberg.com\/?page_id=9819"},"modified":"2025-08-29T12:22:44","modified_gmt":"2025-08-29T10:22:44","slug":"schueler-app","status":"publish","type":"page","link":"https:\/\/ebg-schoenberg.com\/?page_id=9819","title":{"rendered":"IServ"},"content":{"rendered":"\n<p>Unser Gymnasium verwendet f\u00fcr die schulinterne Kommunikation das IServ-System. Jede Sch\u00fclerin und jeder Sch\u00fcler erh\u00e4lt dar\u00fcber unter anderem:<\/p>\n\n\n\n<ul class=\"wp-block-list\">\n<li>eine <strong>E-Mail-Adresse<\/strong> f\u00fcr schulische Zwecke (z.B. vorname.nachname@edu.ebg-schoenberg.com)<\/li>\n\n\n\n<li><strong>Speicherplatz<\/strong> f\u00fcr schulische Dokumente<\/li>\n\n\n\n<li>einen <strong>Windows-Zugang<\/strong> an den Schul-PCs<\/li>\n\n\n\n<li><strong>WLAN-Zugang<\/strong> im hausinternen WLAN-Netz \u201eEBG4School\u201c<\/li>\n<\/ul>\n\n\n\n<p>Die IServ-Plattform ist zug\u00e4nglich<\/p>\n\n\n\n<ul class=\"wp-block-list\">\n<li>per Webbrowser unter <a rel=\"noopener\" href=\"https:\/\/edu.ebg-schoenberg.com\" target=\"_blank\">https:\/\/edu.ebg-schoenberg.com<\/a><\/li>\n\n\n\n<li>per App\n<ul class=\"wp-block-list\">\n<li>App downloaden unter <a href=\"https:\/\/iserv.de\/app\">https:\/\/iserv.de\/app<\/a><\/li>\n\n\n\n<li>Konfiguration: Die IServ-Instanz lautet <strong>edu.ebg-schoenberg.com<\/strong><\/li>\n<\/ul>\n<\/li>\n<\/ul>\n\n\n\n<p>Weitere Informationen zum Umgang mit dem IServ-System:<\/p>\n\n\n\n<ol class=\"wp-block-list\">\n<li><a href=\"https:\/\/www.ebg-schoenberg.com\/ebg\/Schueler\/ISERV-Nutzungsordnung-EBG-2020.pdf\" target=\"_blank\" rel=\"noopener\">Hier findest du die ISERV-Nutzungsordnung des EBG.<\/a><\/li>\n\n\n\n<li><a href=\"https:\/\/www.ebg-schoenberg.com\/ebg\/Schueler\/Anmeldeformular-WLAN.pdf\" target=\"_blank\" rel=\"noopener\">Anmeldeformular f\u00fcr das WLAN des EBG<\/a><\/li>\n\n\n\n<li><a href=\"https:\/\/www.ebg-schoenberg.com\/ebg\/Schueler\/Anschreiben-Videokonferenzen.pdf\" target=\"_blank\" rel=\"noopener\">Anschreiben f\u00fcr Videokonferenzen (Handreichung)<\/a><\/li>\n\n\n\n<li><a href=\"https:\/\/www.ebg-schoenberg.com\/ebg\/Schueler\/Einwilligungserklaerung-Modul-Videokonferenzen.pdf\" target=\"_blank\" rel=\"noopener\">Hier findest du die ge\u00e4nderte Nutzungsordnung (incl. Videokonferenzen mit Einwilligungserkl\u00e4rung) Stand November 2020<\/a><\/li>\n\n\n\n<li><a href=\"https:\/\/www.ebg-schoenberg.com\/ebg\/Schueler\/Vorlage_Einwilligungserklaerung_Nutzung_IServ.pdf\" target=\"_blank\" rel=\"noopener\">Hier findest du die die Einwilligungserkl\u00e4rung &#8211; Stand November 2020<\/a><\/li>\n\n\n\n<li><a href=\"https:\/\/www.ebg-schoenberg.com\/ebg\/Schueler\/Informationsbogen-an-Betroffene-Art-1-DSGVO.pdf\" target=\"_blank\" rel=\"noopener\">Hier findest du den Informationsbogen f\u00fcr Betroffene laut Artikel 13 der DSGVO<\/a><\/li>\n<\/ol>\n\n\n\n<p><strong>Verantwortlich bei Fragen und Problemen<\/strong>: Herr Convent (<a href=\"mailto:lukas.convent@ebg-schoenberg.com\">lukas.convent@ebg-schoenberg.com<\/a>)<\/p>\n\n\n\n<p><\/p>\n","protected":false},"excerpt":{"rendered":"<p>Unser Gymnasium verwendet f\u00fcr die schulinterne Kommunikation das IServ-System. Jede Sch\u00fclerin und jeder Sch\u00fcler erh\u00e4lt dar\u00fcber unter anderem: Die IServ-Plattform ist zug\u00e4nglich Weitere Informationen zum Umgang mit dem IServ-System: Verantwortlich bei Fragen und Problemen: Herr Convent (lukas.convent@ebg-schoenberg.com)<\/p>\n","protected":false},"author":1,"featured_media":0,"parent":87,"menu_order":0,"comment_status":"closed","ping_status":"closed","template":"","meta":{"footnotes":""},"class_list":["post-9819","page","type-page","status-publish","hentry"],"_links":{"self":[{"href":"https:\/\/ebg-schoenberg.com\/index.php?rest_route=\/wp\/v2\/pages\/9819","targetHints":{"allow":["GET"]}}],"collection":[{"href":"https:\/\/ebg-schoenberg.com\/index.php?rest_route=\/wp\/v2\/pages"}],"about":[{"href":"https:\/\/ebg-schoenberg.com\/index.php?rest_route=\/wp\/v2\/types\/page"}],"author":[{"embeddable":true,"href":"https:\/\/ebg-schoenberg.com\/index.php?rest_route=\/wp\/v2\/users\/1"}],"replies":[{"embeddable":true,"href":"https:\/\/ebg-schoenberg.com\/index.php?rest_route=%2Fwp%2Fv2%2Fcomments&post=9819"}],"version-history":[{"count":20,"href":"https:\/\/ebg-schoenberg.com\/index.php?rest_route=\/wp\/v2\/pages\/9819\/revisions"}],"predecessor-version":[{"id":15087,"href":"https:\/\/ebg-schoenberg.com\/index.php?rest_route=\/wp\/v2\/pages\/9819\/revisions\/15087"}],"up":[{"embeddable":true,"href":"https:\/\/ebg-schoenberg.com\/index.php?rest_route=\/wp\/v2\/pages\/87"}],"wp:attachment":[{"href":"https:\/\/ebg-schoenberg.com\/index.php?rest_route=%2Fwp%2Fv2%2Fmedia&parent=9819"}],"curies":[{"name":"wp","href":"https:\/\/api.w.org\/{rel}","templated":true}]}}