{"id":85,"date":"2013-06-28T06:24:59","date_gmt":"2013-06-28T05:24:59","guid":{"rendered":"http:\/\/wp2.ebg-schoenberg.com\/?page_id=85"},"modified":"2024-01-29T20:28:39","modified_gmt":"2024-01-29T19:28:39","slug":"bewertungsmasstab","status":"publish","type":"page","link":"https:\/\/ebg-schoenberg.com\/?page_id=85","title":{"rendered":"Bewertungsma\u00dfstab"},"content":{"rendered":"<p>Um eine einheitliche Bewertung der Sch\u00fclerleistungen vornehmen zu k\u00f6nnen, existieren am Ernst-Barlach-Gymnasium Sch\u00f6nberg folgende<\/p>\n<ul>\n<li><a href=\"https:\/\/ebg-schoenberg.com\/wp-content\/uploads\/2024\/01\/Bewertungsmassstab_Sek_II_Klausuren.pdf\">Bewertungen in der Oberstufe: Klausuren<\/a><\/li>\n<li><a href=\"http:\/\/www.ebg-schoenberg.com\/ebg\/Lehre\/Leistbew-Punktetabelle-Sek2.pdf\" target=\"_blank\" rel=\"noopener\">Bewertungen in der Oberstufe: Sonstige Leistungen<\/a><\/li>\n<li><a href=\"http:\/\/www.ebg-schoenberg.com\/ebg\/Lehre\/BewertungSekundarstufe1.pdf\" target=\"_blank\" rel=\"noopener\">Bewertungen in den Klassen 7-9<\/a><\/li>\n<\/ul>\n\n\n<p><\/p>\n\n\n\n<p><\/p>\n","protected":false},"excerpt":{"rendered":"<p>Um eine einheitliche Bewertung der Sch\u00fclerleistungen vornehmen zu k\u00f6nnen, existieren am Ernst-Barlach-Gymnasium Sch\u00f6nberg folgende Bewertungen in der Oberstufe: Klausuren Bewertungen in der Oberstufe: Sonstige Leistungen Bewertungen in den Klassen 7-9<\/p>\n","protected":false},"author":1,"featured_media":0,"parent":203,"menu_order":1,"comment_status":"closed","ping_status":"closed","template":"","meta":{"footnotes":""},"class_list":["post-85","page","type-page","status-publish","hentry"],"_links":{"self":[{"href":"https:\/\/ebg-schoenberg.com\/index.php?rest_route=\/wp\/v2\/pages\/85","targetHints":{"allow":["GET"]}}],"collection":[{"href":"https:\/\/ebg-schoenberg.com\/index.php?rest_route=\/wp\/v2\/pages"}],"about":[{"href":"https:\/\/ebg-schoenberg.com\/index.php?rest_route=\/wp\/v2\/types\/page"}],"author":[{"embeddable":true,"href":"https:\/\/ebg-schoenberg.com\/index.php?rest_route=\/wp\/v2\/users\/1"}],"replies":[{"embeddable":true,"href":"https:\/\/ebg-schoenberg.com\/index.php?rest_route=%2Fwp%2Fv2%2Fcomments&post=85"}],"version-history":[{"count":24,"href":"https:\/\/ebg-schoenberg.com\/index.php?rest_route=\/wp\/v2\/pages\/85\/revisions"}],"predecessor-version":[{"id":14256,"href":"https:\/\/ebg-schoenberg.com\/index.php?rest_route=\/wp\/v2\/pages\/85\/revisions\/14256"}],"up":[{"embeddable":true,"href":"https:\/\/ebg-schoenberg.com\/index.php?rest_route=\/wp\/v2\/pages\/203"}],"wp:attachment":[{"href":"https:\/\/ebg-schoenberg.com\/index.php?rest_route=%2Fwp%2Fv2%2Fmedia&parent=85"}],"curies":[{"name":"wp","href":"https:\/\/api.w.org\/{rel}","templated":true}]}}