{"id":548,"date":"2013-02-10T14:25:02","date_gmt":"2013-02-10T13:25:02","guid":{"rendered":"http:\/\/wp2.ebg-schoenberg.com\/?page_id=548"},"modified":"2023-10-31T12:54:37","modified_gmt":"2023-10-31T11:54:37","slug":"schulforderverein","status":"publish","type":"page","link":"https:\/\/ebg-schoenberg.com\/?page_id=548","title":{"rendered":"Schulf\u00f6rderverein"},"content":{"rendered":"\n<p>Dank der Unterst\u00fctzung durch unseren Schulf\u00f6rderverein konnten schon viele Projekte an unserem Gymnasium umgesetzt werden.<\/p>\n\n\n\n<p>Der Schulf\u00f6rderverein hat sich gerade neu aufgestellt. Bald wird auch wieder die Website erreichbar sein: <a href=\"https:\/\/www.foerderverein-ebg-schoenberg.de\/\" target=\"_blank\" rel=\"noreferrer noopener\">Schulf\u00f6rderverein<\/a><\/p>\n","protected":false},"excerpt":{"rendered":"<p>Dank der Unterst\u00fctzung durch unseren Schulf\u00f6rderverein konnten schon viele Projekte an unserem Gymnasium umgesetzt werden. Der Schulf\u00f6rderverein hat sich gerade neu aufgestellt. Bald wird auch wieder die Website erreichbar sein: Schulf\u00f6rderverein<\/p>\n","protected":false},"author":1,"featured_media":0,"parent":420,"menu_order":0,"comment_status":"closed","ping_status":"closed","template":"","meta":{"footnotes":""},"class_list":["post-548","page","type-page","status-publish","hentry"],"_links":{"self":[{"href":"https:\/\/ebg-schoenberg.com\/index.php?rest_route=\/wp\/v2\/pages\/548","targetHints":{"allow":["GET"]}}],"collection":[{"href":"https:\/\/ebg-schoenberg.com\/index.php?rest_route=\/wp\/v2\/pages"}],"about":[{"href":"https:\/\/ebg-schoenberg.com\/index.php?rest_route=\/wp\/v2\/types\/page"}],"author":[{"embeddable":true,"href":"https:\/\/ebg-schoenberg.com\/index.php?rest_route=\/wp\/v2\/users\/1"}],"replies":[{"embeddable":true,"href":"https:\/\/ebg-schoenberg.com\/index.php?rest_route=%2Fwp%2Fv2%2Fcomments&post=548"}],"version-history":[{"count":4,"href":"https:\/\/ebg-schoenberg.com\/index.php?rest_route=\/wp\/v2\/pages\/548\/revisions"}],"predecessor-version":[{"id":14003,"href":"https:\/\/ebg-schoenberg.com\/index.php?rest_route=\/wp\/v2\/pages\/548\/revisions\/14003"}],"up":[{"embeddable":true,"href":"https:\/\/ebg-schoenberg.com\/index.php?rest_route=\/wp\/v2\/pages\/420"}],"wp:attachment":[{"href":"https:\/\/ebg-schoenberg.com\/index.php?rest_route=%2Fwp%2Fv2%2Fmedia&parent=548"}],"curies":[{"name":"wp","href":"https:\/\/api.w.org\/{rel}","templated":true}]}}