{"id":538,"date":"2013-02-10T14:15:52","date_gmt":"2013-02-10T13:15:52","guid":{"rendered":"http:\/\/wp2.ebg-schoenberg.com\/?page_id=538"},"modified":"2017-02-05T08:45:03","modified_gmt":"2017-02-05T07:45:03","slug":"externe-partner","status":"publish","type":"page","link":"https:\/\/ebg-schoenberg.com\/?page_id=538","title":{"rendered":"Externe Partner"},"content":{"rendered":"<p>Dank an alle externen Partner des Ernst-Barlach-Gymnasiums:<\/p>\n<ul>\n<li><a title=\"PALMBERG B\u00fcroeinrichtungen\" href=\"http:\/\/palmberg.de\/\" target=\"_blank\">Firma Palmberg<\/a><\/li>\n<li><a title=\"FranSoft.de IT-Service (Hard- und Software, skyDSL)\" href=\"http:\/\/www.fransoft.de\" target=\"_blank\">FranSoft.de IT-Service<\/a><\/li>\n<li><a title=\"Sch\u00f6nberger Musiksommer\" href=\"http:\/\/www.schoenberger-musiksommer.de\/\" target=\"_blank\">Laurentius Kirche Sch\u00f6nberg<\/a><\/li>\n<li><a title=\"Sch\u00f6nberger Musiksommer\" href=\"http:\/\/www.schoenberger-musiksommer.de\/\" target=\"_blank\">Musiksommer Sch\u00f6nberg<\/a><\/li>\n<li><a title=\"Schlie\u00dffach online mieten und 3 \u20ac sparen\" href=\"http:\/\/www.mietra.de\" target=\"_blank\">Schlie\u00dffachfirma &#8222;Mietra&#8220;<\/a><\/li>\n<li><a href=\"http:\/\/www.menuefactory.de\" target=\"_blank\">Essenversorger &#8222;Men\u00fc Factory&#8220;<\/a><\/li>\n<\/ul>\n","protected":false},"excerpt":{"rendered":"<p>Dank an alle externen Partner des Ernst-Barlach-Gymnasiums: Firma Palmberg FranSoft.de IT-Service Laurentius Kirche Sch\u00f6nberg Musiksommer Sch\u00f6nberg Schlie\u00dffachfirma &#8222;Mietra&#8220; Essenversorger &#8222;Men\u00fc Factory&#8220;<\/p>\n","protected":false},"author":1,"featured_media":0,"parent":420,"menu_order":0,"comment_status":"closed","ping_status":"closed","template":"","meta":{"footnotes":""},"class_list":["post-538","page","type-page","status-publish","hentry"],"_links":{"self":[{"href":"https:\/\/ebg-schoenberg.com\/index.php?rest_route=\/wp\/v2\/pages\/538","targetHints":{"allow":["GET"]}}],"collection":[{"href":"https:\/\/ebg-schoenberg.com\/index.php?rest_route=\/wp\/v2\/pages"}],"about":[{"href":"https:\/\/ebg-schoenberg.com\/index.php?rest_route=\/wp\/v2\/types\/page"}],"author":[{"embeddable":true,"href":"https:\/\/ebg-schoenberg.com\/index.php?rest_route=\/wp\/v2\/users\/1"}],"replies":[{"embeddable":true,"href":"https:\/\/ebg-schoenberg.com\/index.php?rest_route=%2Fwp%2Fv2%2Fcomments&post=538"}],"version-history":[{"count":10,"href":"https:\/\/ebg-schoenberg.com\/index.php?rest_route=\/wp\/v2\/pages\/538\/revisions"}],"predecessor-version":[{"id":8317,"href":"https:\/\/ebg-schoenberg.com\/index.php?rest_route=\/wp\/v2\/pages\/538\/revisions\/8317"}],"up":[{"embeddable":true,"href":"https:\/\/ebg-schoenberg.com\/index.php?rest_route=\/wp\/v2\/pages\/420"}],"wp:attachment":[{"href":"https:\/\/ebg-schoenberg.com\/index.php?rest_route=%2Fwp%2Fv2%2Fmedia&parent=538"}],"curies":[{"name":"wp","href":"https:\/\/api.w.org\/{rel}","templated":true}]}}