{"id":33,"date":"2013-02-03T13:23:38","date_gmt":"2013-02-03T12:23:38","guid":{"rendered":"http:\/\/wp2.ebg-schoenberg.com\/?page_id=33"},"modified":"2021-02-15T09:33:35","modified_gmt":"2021-02-15T08:33:35","slug":"unser-profil","status":"publish","type":"page","link":"https:\/\/ebg-schoenberg.com\/?page_id=33","title":{"rendered":"Unser Profil"},"content":{"rendered":"<p style=\"text-align: left;\" align=\"center\">Die H\u00f6here Lehranstalt zu Sch\u00f6nberg blickt auf eine 170 j\u00e4hrige Schulgeschichte zur\u00fcck. <strong>Das Ernst-Barlach-Gymnasium<\/strong> befindet sich in einem interessanten, denkmalgesch\u00fctzten Geb\u00e4ude, das am 14. November 1929 eingeweiht wurde. Das Gymnasium wurde 1991 nach der Wiedervereinigung gegr\u00fcndet. Seit 2001 tr\u00e4gt es den Namen des ber\u00fchmten expressionistischen K\u00fcnstlers Ernst Barlach. Gegenw\u00e4rtig bereiten sich hier ca. 500 M\u00e4dchen und Jungen auf ihr Abitur vor.<\/p>\n<p style=\"text-align: left;\" align=\"center\"><strong>Der Schultag<\/strong> ist in vier Bl\u00f6cke gegliedert. Das bedeutet, dass t\u00e4glich nur bis zu vier verschiedene F\u00e4cher gelehrt werden. Die Pausen dazwischen dauern\u00a0 30 Minuten. Dieses Prinzip erm\u00f6glicht eine konzentrierte und ausgeglichene Lernatmosph\u00e4re. Der Unterricht beginnt um 07:40 Uhr und endet um 15:10 Uhr.\u00a0 Nach dem 2. Block k\u00f6nnen die Sch\u00fcler das Mittagessen einnehmen bzw. in der Cafeteria eine abwechslungsreiche Versorgung in Anspruch nehmen.<\/p>\n<p style=\"text-align: left;\" align=\"center\"><strong>Der Unterricht<\/strong> findet in gut ausgestatteten R\u00e4umen statt. Alle R\u00e4ume verf\u00fcgen \u00fcber ein Smartboard oder einen Beamer mit\u00a0 entsprechendem PC\/ Laptop. Im gesamten Geb\u00e4ude k\u00f6nnen Sch\u00fcler und Lehrer \u00fcber eine spezielle WLAN-Anbindung\u00a0 in das Internet gelangen.<br \/>\n<span style=\"font-size: inherit;\">Seit dem Schuljahr 2019 wird f\u00fcr die schulinterne Kommunikation sowie den Datenaustausch und die digitale Aufgabenerteilung die Lernplattform ISERV genutzt.<br \/>\n<\/span>Englisch wird bis zum Abitur als erste Fremdsprache belegt. In der 7. Klasse w\u00e4hlen die Sch\u00fcler unter Franz\u00f6sisch, Spanisch und Russisch die zweite Sprache aus, welche sie bei entsprechender F\u00e4cherkombination bis zur 12.Klasse lernen k\u00f6nnen. Im Rahmen der Ganztagsschule besteht die spezielle M\u00f6glichkeit eine musikalische, eine sportliche oder eine naturwissenschaftliche F\u00f6rderung zu erhalten. Die Drei-Felder-Palmbergsporthalle und eine gro\u00dfz\u00fcgige Au\u00dfenanlage bieten optimale Bedingungen f\u00fcr den Sportunterricht. Zur Erg\u00e4nzung des Unterrichts dient die Schulbibliothek. Im Schulprogramm sind verschiedene <strong>au\u00dferunterrichtliche Aktivit\u00e4ten<\/strong> fest verankert. Exkursionen, Klassenfahrten, die Studienfahrt nach der 11. Klasse,\u00a0 thematische Projekte wie z.B. das allj\u00e4hrliche Weihnachtskonzert, Theaterauff\u00fchrungen, Leseabende, die Kunstnacht oder Aktionen f\u00fcr Toleranz und gegen Rassismus dienen zur Vertiefung der p\u00e4dagogischen Arbeit in unserer Schule. Die Schulsozialarbeiterin steht dabei Sch\u00fclern und Lehrern hilfreich zur Seite.\u00a0 Ein wichtiges Fundament f\u00fcr die erfolgreiche Umsetzung der Bildungsziele stellt das <strong>Zusammenwirken von Elternhaus und Schule<\/strong> dar. Die Meinung der Eltern ist in der Schulkonferenz,\u00a0 in Fachschaften bzw. in Klassenkonferenzen stets ein bedeutender Aspekt bei wichtigen\u00a0 Entscheidungen. Transparenz wird dabei gro\u00df geschrieben. Seit Oktober 2013 k\u00f6nnen die Eltern im Internet die Zensuren ihres Kindes zur Kenntnis nehmen. \u00a0Ein Beispiel f\u00fcr die gute Zusammenarbeit ist der langj\u00e4hrig bestehende Elternchor. <strong>Lernen und gleichzeitiges Wohlf\u00fchlen<\/strong> ist eine Devise, der sich Eltern, Sch\u00fcler und Lehrer gleicherma\u00dfen verpflichtet f\u00fchlen. Besonderes Augenmerk gilt der Schulhofgestaltung. Ein Spielfeld, Tischtennisplatten, B\u00e4nke, von Sch\u00fclern kunstvoll gestaltet, und das gr\u00fcne Klassenzimmer (B\u00e4nke, Tische und\u00a0 \u201eSitzideen\u201c zwischen Obstb\u00e4umen) bieten den Sch\u00fclern in Pausen und Freistunden ein angenehmes Umfeld. Sitzgruppen im Schulgeb\u00e4ude werden gerne genutzt, um zu lernen bzw. sich in Gespr\u00e4chen auszutauschen.<\/p>\n<p style=\"text-align: left;\" align=\"center\"><strong>Eine umfassende individuelle Beratung in der Abiturstufe<\/strong> gilt als Grundsatz f\u00fcr die erfolgreiche Vorbereitung auf die Reifepr\u00fcfung. Regelm\u00e4\u00dfige Sprechzeiten der Oberstufenkoordinatorin erweisen sich dabei als sehr hilfreich. Hinzu kommt die Durchf\u00fchrung\u00a0 verschiedener berufs- und studienorientierender Beratungen.<\/p>\n","protected":false},"excerpt":{"rendered":"<p>Die H\u00f6here Lehranstalt zu Sch\u00f6nberg blickt auf eine 170 j\u00e4hrige Schulgeschichte zur\u00fcck. Das Ernst-Barlach-Gymnasium befindet sich in einem interessanten, denkmalgesch\u00fctzten Geb\u00e4ude, das am 14. November 1929 eingeweiht wurde. Das Gymnasium wurde 1991 nach der Wiedervereinigung gegr\u00fcndet. Seit 2001 tr\u00e4gt es den Namen des ber\u00fchmten expressionistischen K\u00fcnstlers Ernst Barlach. Gegenw\u00e4rtig bereiten sich hier ca. 500 M\u00e4dchen&#46;&#46;&#46;<\/p>\n","protected":false},"author":1,"featured_media":0,"parent":27,"menu_order":0,"comment_status":"closed","ping_status":"closed","template":"","meta":{"footnotes":""},"class_list":["post-33","page","type-page","status-publish","hentry"],"_links":{"self":[{"href":"https:\/\/ebg-schoenberg.com\/index.php?rest_route=\/wp\/v2\/pages\/33","targetHints":{"allow":["GET"]}}],"collection":[{"href":"https:\/\/ebg-schoenberg.com\/index.php?rest_route=\/wp\/v2\/pages"}],"about":[{"href":"https:\/\/ebg-schoenberg.com\/index.php?rest_route=\/wp\/v2\/types\/page"}],"author":[{"embeddable":true,"href":"https:\/\/ebg-schoenberg.com\/index.php?rest_route=\/wp\/v2\/users\/1"}],"replies":[{"embeddable":true,"href":"https:\/\/ebg-schoenberg.com\/index.php?rest_route=%2Fwp%2Fv2%2Fcomments&post=33"}],"version-history":[{"count":13,"href":"https:\/\/ebg-schoenberg.com\/index.php?rest_route=\/wp\/v2\/pages\/33\/revisions"}],"predecessor-version":[{"id":12910,"href":"https:\/\/ebg-schoenberg.com\/index.php?rest_route=\/wp\/v2\/pages\/33\/revisions\/12910"}],"up":[{"embeddable":true,"href":"https:\/\/ebg-schoenberg.com\/index.php?rest_route=\/wp\/v2\/pages\/27"}],"wp:attachment":[{"href":"https:\/\/ebg-schoenberg.com\/index.php?rest_route=%2Fwp%2Fv2%2Fmedia&parent=33"}],"curies":[{"name":"wp","href":"https:\/\/api.w.org\/{rel}","templated":true}]}}