{"id":326,"date":"2013-02-08T13:32:54","date_gmt":"2013-02-08T12:32:54","guid":{"rendered":"http:\/\/wp2.ebg-schoenberg.com\/?page_id=326"},"modified":"2013-02-09T18:44:16","modified_gmt":"2013-02-09T17:44:16","slug":"chemkids","status":"publish","type":"page","link":"https:\/\/ebg-schoenberg.com\/?page_id=326","title":{"rendered":"Chemkids"},"content":{"rendered":"<p><img loading=\"lazy\" decoding=\"async\" title=\"Chemie, Bild 1\" src=\"http:\/\/www.ebg-schoenberg.com\/ebg\/Veranstaltungen\/SJ_2010-2011\/2011_Chemie\/Bild_01.jpg\" alt=\"Chemie, Bild 1\" width=\"530\" height=\"299\" \/><\/p>\n<p>&nbsp;<\/p>\n<p>Marwin Baron (Kl. 9d) nahm erfolgreich an der 3. Runde der Chemieolympiade (Landesolympiade) teil<br \/>\nund belegte im praktischen Teil den ersten Platz.<\/p>\n<p><img loading=\"lazy\" decoding=\"async\" title=\"Chemie, Bild 2\" src=\"http:\/\/www.ebg-schoenberg.com\/ebg\/Veranstaltungen\/SJ_2010-2011\/2011_Chemie\/Bild_02.jpg\" alt=\"Chemie, Bild 2\" width=\"530\" height=\"299\" \/><\/p>\n<p>Marcel Keding (8c) und Felix R\u00e4senh\u00f6ft (8c) nahmen sehr erfolgreich am Chemkids Wettbewerb teil.<\/p>\n<p><a href=\"http:\/\/wp2.ebg-schoenberg.com\/?page_id=324\">zur\u00fcck<\/a><\/p>\n","protected":false},"excerpt":{"rendered":"<p>&nbsp; Marwin Baron (Kl. 9d) nahm erfolgreich an der 3. Runde der Chemieolympiade (Landesolympiade) teil und belegte im praktischen Teil den ersten Platz. Marcel Keding (8c) und Felix R\u00e4senh\u00f6ft (8c) nahmen sehr erfolgreich am Chemkids Wettbewerb teil. zur\u00fcck<\/p>\n","protected":false},"author":1,"featured_media":0,"parent":324,"menu_order":0,"comment_status":"closed","ping_status":"closed","template":"","meta":{"footnotes":""},"class_list":["post-326","page","type-page","status-publish","hentry"],"_links":{"self":[{"href":"https:\/\/ebg-schoenberg.com\/index.php?rest_route=\/wp\/v2\/pages\/326","targetHints":{"allow":["GET"]}}],"collection":[{"href":"https:\/\/ebg-schoenberg.com\/index.php?rest_route=\/wp\/v2\/pages"}],"about":[{"href":"https:\/\/ebg-schoenberg.com\/index.php?rest_route=\/wp\/v2\/types\/page"}],"author":[{"embeddable":true,"href":"https:\/\/ebg-schoenberg.com\/index.php?rest_route=\/wp\/v2\/users\/1"}],"replies":[{"embeddable":true,"href":"https:\/\/ebg-schoenberg.com\/index.php?rest_route=%2Fwp%2Fv2%2Fcomments&post=326"}],"version-history":[{"count":4,"href":"https:\/\/ebg-schoenberg.com\/index.php?rest_route=\/wp\/v2\/pages\/326\/revisions"}],"predecessor-version":[{"id":499,"href":"https:\/\/ebg-schoenberg.com\/index.php?rest_route=\/wp\/v2\/pages\/326\/revisions\/499"}],"up":[{"embeddable":true,"href":"https:\/\/ebg-schoenberg.com\/index.php?rest_route=\/wp\/v2\/pages\/324"}],"wp:attachment":[{"href":"https:\/\/ebg-schoenberg.com\/index.php?rest_route=%2Fwp%2Fv2%2Fmedia&parent=326"}],"curies":[{"name":"wp","href":"https:\/\/api.w.org\/{rel}","templated":true}]}}