{"id":22,"date":"2013-02-03T13:13:00","date_gmt":"2013-02-03T12:13:00","guid":{"rendered":"http:\/\/wp2.ebg-schoenberg.com\/?page_id=22"},"modified":"2023-07-13T22:44:51","modified_gmt":"2023-07-13T20:44:51","slug":"geschichte","status":"publish","type":"page","link":"https:\/\/ebg-schoenberg.com\/?page_id=22","title":{"rendered":"Geschichte"},"content":{"rendered":"<div class=\"wp-block-image\">\n<figure class=\"alignright\"><img decoding=\"async\" src=\"https:\/\/www.ebg-schoenberg.com\/ebg\/Geschichte\/Geschichte.jpg\" alt=\"Schulgeschichte\" title=\"Schulgeschichte\"\/><\/figure><\/div>\n\n\n<ul class=\"wp-block-list\">\n<li>1846 Er\u00f6ffnung der H\u00f6heren Lehranstalt Sch\u00f6nberg (14 Sch\u00fcler)<\/li>\n\n\n\n<li>1871 H\u00f6here B\u00fcrgerschule von der Reichsschulkommission zuerkannt (5 Klassen)<\/li>\n\n\n\n<li>1891 Realprogymmnasium von der Reichsschulkommission zuerkannt<\/li>\n\n\n\n<li>1915 Umwandlung in eine lateinlose Realschule<\/li>\n\n\n\n<li>14. November 1929: Einweihung der &#8222;B\u00fcrgerschule&#8220; nach zweij\u00e4hriger Bauzeit (heutiges Hauptgeb\u00e4ude)<\/li>\n\n\n\n<li>1932 Umwandlung der Realschule in eine staatlich anerkannte Privatschule<\/li>\n\n\n\n<li>1933 R\u00fcckkehr in staatliche Verwaltung<\/li>\n\n\n\n<li>1945 demokratischen Schulreform (Klassen 9 bis 12)<\/li>\n\n\n\n<li>1959 Erweiterte Oberschule (EOS)<\/li>\n\n\n\n<li>1961 Polytechnischen Oberschule &#8222;Rudolf Hartmann&#8220;<\/li>\n\n\n\n<li>1990 Einrichtung als Progymnasium<\/li>\n\n\n\n<li>1991 Errichtung des Gymnasiums: &#8222;Gymnasium Sch\u00f6nberg&#8220;<\/li>\n\n\n\n<li>2001 Namensgebung: &#8222;Ernst-Barlach-Gymnasium&#8220;<\/li>\n<\/ul>\n\n\n\n<p class=\"has-text-align-left\">Unsere Schule hat eine lange Tradition und ist bestrebt, diese Tradition gemeinsam mit Lehrern, Sch\u00fclern und Eltern weiterzuf\u00fchren.<\/p>\n","protected":false},"excerpt":{"rendered":"<p>Unsere Schule hat eine lange Tradition und ist bestrebt, diese Tradition gemeinsam mit Lehrern, Sch\u00fclern und Eltern weiterzuf\u00fchren.<\/p>\n","protected":false},"author":1,"featured_media":0,"parent":27,"menu_order":0,"comment_status":"closed","ping_status":"closed","template":"","meta":{"footnotes":""},"class_list":["post-22","page","type-page","status-publish","hentry"],"_links":{"self":[{"href":"https:\/\/ebg-schoenberg.com\/index.php?rest_route=\/wp\/v2\/pages\/22","targetHints":{"allow":["GET"]}}],"collection":[{"href":"https:\/\/ebg-schoenberg.com\/index.php?rest_route=\/wp\/v2\/pages"}],"about":[{"href":"https:\/\/ebg-schoenberg.com\/index.php?rest_route=\/wp\/v2\/types\/page"}],"author":[{"embeddable":true,"href":"https:\/\/ebg-schoenberg.com\/index.php?rest_route=\/wp\/v2\/users\/1"}],"replies":[{"embeddable":true,"href":"https:\/\/ebg-schoenberg.com\/index.php?rest_route=%2Fwp%2Fv2%2Fcomments&post=22"}],"version-history":[{"count":17,"href":"https:\/\/ebg-schoenberg.com\/index.php?rest_route=\/wp\/v2\/pages\/22\/revisions"}],"predecessor-version":[{"id":13753,"href":"https:\/\/ebg-schoenberg.com\/index.php?rest_route=\/wp\/v2\/pages\/22\/revisions\/13753"}],"up":[{"embeddable":true,"href":"https:\/\/ebg-schoenberg.com\/index.php?rest_route=\/wp\/v2\/pages\/27"}],"wp:attachment":[{"href":"https:\/\/ebg-schoenberg.com\/index.php?rest_route=%2Fwp%2Fv2%2Fmedia&parent=22"}],"curies":[{"name":"wp","href":"https:\/\/api.w.org\/{rel}","templated":true}]}}