{"id":214,"date":"2013-02-03T18:13:34","date_gmt":"2013-02-03T17:13:34","guid":{"rendered":"http:\/\/wp2.ebg-schoenberg.com\/?page_id=214"},"modified":"2025-11-12T21:13:24","modified_gmt":"2025-11-12T20:13:24","slug":"stundenplane","status":"publish","type":"page","link":"https:\/\/ebg-schoenberg.com\/?page_id=214","title":{"rendered":"Stundenpl\u00e4ne"},"content":{"rendered":"\n<p>Die Stundenpl\u00e4ne werden immer zu Beginn des Schuljahres von den Klassenlehrer\/innen bzw. Tutor\/innen ausgeteilt. Der Vertretungsplan f\u00fcr die aktuelle Woche ist <a href=\"https:\/\/ebg-schoenberg.com\/?page_id=1287\" data-type=\"page\" data-id=\"1287\"><strong>hier<\/strong><\/a> zu finden.<\/p>\n\n\n\n<p>Das Schuljahr ist in A- und B-Wochen unterteilt. Eine \u00dcbersicht f\u00fcr das Schuljahr 2025\/26 ist <a href=\"http:\/\/ebg-schoenberg.com\/wp-content\/uploads\/2025\/11\/Schultage_2025-26.pdf\"><strong>hier<\/strong><\/a> zu finden.<\/p>\n\n\n\n<p><\/p>\n","protected":false},"excerpt":{"rendered":"<p>Die Stundenpl\u00e4ne werden immer zu Beginn des Schuljahres von den Klassenlehrer\/innen bzw. Tutor\/innen ausgeteilt. Der Vertretungsplan f\u00fcr die aktuelle Woche ist hier zu finden. Das Schuljahr ist in A- und B-Wochen unterteilt. Eine \u00dcbersicht f\u00fcr das Schuljahr 2025\/26 ist hier zu finden.<\/p>\n","protected":false},"author":1,"featured_media":0,"parent":87,"menu_order":0,"comment_status":"closed","ping_status":"closed","template":"","meta":{"footnotes":""},"class_list":["post-214","page","type-page","status-publish","hentry"],"_links":{"self":[{"href":"https:\/\/ebg-schoenberg.com\/index.php?rest_route=\/wp\/v2\/pages\/214","targetHints":{"allow":["GET"]}}],"collection":[{"href":"https:\/\/ebg-schoenberg.com\/index.php?rest_route=\/wp\/v2\/pages"}],"about":[{"href":"https:\/\/ebg-schoenberg.com\/index.php?rest_route=\/wp\/v2\/types\/page"}],"author":[{"embeddable":true,"href":"https:\/\/ebg-schoenberg.com\/index.php?rest_route=\/wp\/v2\/users\/1"}],"replies":[{"embeddable":true,"href":"https:\/\/ebg-schoenberg.com\/index.php?rest_route=%2Fwp%2Fv2%2Fcomments&post=214"}],"version-history":[{"count":25,"href":"https:\/\/ebg-schoenberg.com\/index.php?rest_route=\/wp\/v2\/pages\/214\/revisions"}],"predecessor-version":[{"id":15242,"href":"https:\/\/ebg-schoenberg.com\/index.php?rest_route=\/wp\/v2\/pages\/214\/revisions\/15242"}],"up":[{"embeddable":true,"href":"https:\/\/ebg-schoenberg.com\/index.php?rest_route=\/wp\/v2\/pages\/87"}],"wp:attachment":[{"href":"https:\/\/ebg-schoenberg.com\/index.php?rest_route=%2Fwp%2Fv2%2Fmedia&parent=214"}],"curies":[{"name":"wp","href":"https:\/\/api.w.org\/{rel}","templated":true}]}}