{"id":1490,"date":"2014-02-06T19:58:46","date_gmt":"2014-02-06T18:58:46","guid":{"rendered":"http:\/\/wp2.ebg-schoenberg.com\/?page_id=1490"},"modified":"2025-05-22T20:59:09","modified_gmt":"2025-05-22T18:59:09","slug":"elternchor-des-ebg-schonberg","status":"publish","type":"page","link":"https:\/\/ebg-schoenberg.com\/?page_id=1490","title":{"rendered":"Elternchor"},"content":{"rendered":"\n<p>Im Herbst 2007 hatte Musiklehrerin Susanne Wehrhoff (V 2013) die geniale Idee f\u00fcr einen Eltern-\/Lehrerchor als \u201e\u00dcberraschungsprojekt\u201c f\u00fcr das gro\u00dfe, j\u00e4hrlichen Schulweihnachtskonzert. Kollegin Ulrike Mertha-Schirmacher setzte den musikalischen Einfall um und nach dem Auftritt waren die Freude und der Erfolg so durchschlagend, dass Ulrike M. gebeten wurde, es nicht bei einem einmaligen \u201eCoup\u201c zu belassen.<\/p>\n\n\n\n<p>Unser Elternchor war gegr\u00fcndet!<\/p>\n\n\n\n<p>Chorleiterwechsel blieben nicht aus: die Nachfolge Mertha-Schirmachers \u00fcbernahm im September 2010 Brigitte Sauerland aus L\u00fcbeck, seit September 2011 ist Gunta Birzina die musikalische Chefin unserer ca. 30-k\u00f6pfigen Truppe. Die quirlige, engagierte Chorleiterin absolvierte in Riga ein f\u00fcnfj\u00e4hriges Studium an der Musikakademie mit Schwerpunkt Gesang, Fachbereich Chorleitung, auch hat sie den M\u00e4dchenchor der Domkirche zu Riga gegr\u00fcndet. Ein musikalischer, klavierspielender Gl\u00fcckstreffer f\u00fcr uns S\u00e4nger:innen!<\/p>\n\n\n<div class=\"wp-block-image\">\n<figure class=\"aligncenter size-full\"><img loading=\"lazy\" decoding=\"async\" width=\"800\" height=\"534\" src=\"https:\/\/ebg-schoenberg.com\/wp-content\/uploads\/2025\/05\/DSC_0246.jpg\" alt=\"\" class=\"wp-image-14993\" srcset=\"https:\/\/ebg-schoenberg.com\/wp-content\/uploads\/2025\/05\/DSC_0246.jpg 800w, https:\/\/ebg-schoenberg.com\/wp-content\/uploads\/2025\/05\/DSC_0246-768x513.jpg 768w\" sizes=\"auto, (max-width: 800px) 100vw, 800px\" \/><\/figure><\/div>\n\n\n<div style=\"height:20px\" aria-hidden=\"true\" class=\"wp-block-spacer\"><\/div>\n\n\n\n<p>Gemeinsam mit den Jugendch\u00f6ren des Gymnasiums sind wir bei allen Schulkonzerten vertreten. Eltern und Kinder musizieren dann quasi gemeinsam.<\/p>\n\n\n\n<p>Man kann uns aber schon mal \u201eau\u00dferhalb\u201c bei einem musikalischen Fr\u00fchschoppen, bei Abendveranstaltungen als vertontes \u201eIntro\u201c oder bei einem fr\u00f6hlichen S\u00e4ngerwettstreit antreffen.<\/p>\n\n\n\n<p>Das wirklich Besondere: Dadurch, dass Eltern und Lehrer im Chor gemeinsam musizieren, entsteht eine gro\u00dfe N\u00e4he und Verbundenheit zur Schule. Die positive Au\u00dfenwirkung ist ein fr\u00f6hlicher Nebeneffekt.<\/p>\n\n\n\n<p>Wir \u201eMamas und Papas aus Sch\u00f6nberg\u201c sind im Chorverband MV organisiert.<\/p>\n\n\n\n<p>Von den zu leistenden Chorbeitr\u00e4gen (Beitragsh\u00f6he s. unten) werden unsere Chorleiterin (Honorar), legal erworbene Noten, der Jahresbeitrag f\u00fcr den Deutschen Chorverband (incl. Versicherung) und \u201eSonstiges\u201c, was je nach F\u00fcllstand der Kasse<br \/>auf kurzem Wege gemeinsam mit dem Chor abgestimmt wird, bezahlt.<\/p>\n\n\n<div class=\"wp-block-image\">\n<figure class=\"aligncenter size-full\"><img loading=\"lazy\" decoding=\"async\" width=\"800\" height=\"534\" src=\"https:\/\/ebg-schoenberg.com\/wp-content\/uploads\/2025\/05\/DSC_0255.jpg\" alt=\"\" class=\"wp-image-14995\" srcset=\"https:\/\/ebg-schoenberg.com\/wp-content\/uploads\/2025\/05\/DSC_0255.jpg 800w, https:\/\/ebg-schoenberg.com\/wp-content\/uploads\/2025\/05\/DSC_0255-768x513.jpg 768w\" sizes=\"auto, (max-width: 800px) 100vw, 800px\" \/><\/figure><\/div>\n\n\n<div style=\"height:20px\" aria-hidden=\"true\" class=\"wp-block-spacer\"><\/div>\n\n\n\n<p><em>Unser Repertoire:<\/em><\/p>\n\n\n\n<p>Folk, Pop, Klassisches, Gospel und \u201eVielsprachiges\u201c: Deutsch, Englisch, Italienisch, Lateinisch, Spanisch, Lettisch, Finnisch, Schwedisch \u2026<\/p>\n\n\n\n<p>Wir singen uns praktisch quer durch die Notenlandschaft. Die Vielfalt macht Spa\u00df und es ist f\u00fcr jeden S\u00e4nger, jede S\u00e4ngerin etwas dabei.<\/p>\n\n\n\n<p><em>Unsere Lieblingslieder:<\/em><\/p>\n\n\n\n<p>das \u201eCohen-Halleluja\u201c, \u201eAlt wie ein Baum\u201c, \u201eHelle Wasser\u201c, \u201eThis Little Light of Mine\u201c, \u201eIch war noch niemals in New York\u201c, \u201eOnly Time\u201c und vieles mehr.<\/p>\n\n\n\n<p>Die meisten Lieder werden im SATB-Format gesungen.<\/p>\n\n\n\n<p>Interessenten k\u00f6nnen einen Monat munter und kostenlos mit uns proben. Danach entscheiden \u201eSangeswillige\u201c in Absprache mit der Chorleiterin, ob sie dem Elternchor beitreten wollen. Bei Neuaufnahme im Chor achtet Gunta Birzina auf die stimmliche Eignung. Aber keine Angst, man muss nicht vor versammelter Mannschaft vorsingen und \u201ees tut auch nicht weh\u201c.<\/p>\n\n\n\n<p>F\u00fcr die Auff\u00fchrungen gibt es die M\u00f6glichkeit, instrumentale Elemente, Soli oder Kleingruppenarrangements einzubringen, das klingt bunter, wie Gunta findet. Zweimal j\u00e4hrlich trifft sich der Chor in der Schulaula zu einem kulinarisch-musikalischen Workshop, bei dem nicht nur Lieder ge\u00fcbt, sondern auch Kochrezepte getestet und ausgetauscht werden.<\/p>\n\n\n\n<p>\u201eWo man singt, da lass\u2019 dich ruhig nieder, b\u00f6se Menschen kennen keine Lieder\u201c: Nach diesem Motto trifft sich unser \u201elustiger Haufen\u201c auch privat zum Grillen, Schnacken, Geburtstag- und Mittsommerfeiern \u2026 und immer wird dabei gesungen.<\/p>\n\n\n\n<p><strong>Chorproben:<\/strong> Donnerstags, 19.00 \u2013 20.30 Uhr in der Schule. (Treffen 18:45 Uhr)<\/p>\n\n\n\n<p>In den Ferien finden keine Proben statt.<\/p>\n\n\n\n<p><strong>Aufnahmekriterien:<\/strong><\/p>\n\n\n\n<ul class=\"wp-block-list\">\n<li>Du hast Freude am Singen und an der Gemeinschaft,<\/li>\n<\/ul>\n\n\n\n<ul class=\"wp-block-list\">\n<li>Du musst nicht Notenlesen k\u00f6nnen und solltest Deine Stimme halten k\u00f6nnen.<\/li>\n<\/ul>\n\n\n\n<ul class=\"wp-block-list\">\n<li>Du hast\/ hattest ein Kind am Gymnasium oder bist Lehrer am EBG.<\/li>\n<\/ul>\n\n\n\n<p>Wie Du siehst, pflegen wir das fr\u00f6hliche \u201eDu\u201c.<\/p>\n\n\n\n<p><strong>Mitgliedsbeitrag:<\/strong> \u20ac 54,00 im Quartal.<\/p>\n\n\n\n<p><strong>Chorleiterin:<\/strong> Gunta Birzina, Mail: gunta.birzina@yahoo.de<\/p>\n\n\n\n<p><strong>Chorsprecher:<\/strong> Ralph Hofmann, Tel. 038828 20262 oder 01525-3943702<\/p>\n\n\n\n<p><strong>E-Mail:<\/strong> elternchor.gymnasium-schoenberg@web.de<\/p>\n","protected":false},"excerpt":{"rendered":"<p>Im Herbst 2007 hatte Musiklehrerin Susanne Wehrhoff (V 2013) die geniale Idee f\u00fcr einen Eltern-\/Lehrerchor als \u201e\u00dcberraschungsprojekt\u201c f\u00fcr das gro\u00dfe, j\u00e4hrlichen Schulweihnachtskonzert. Kollegin Ulrike Mertha-Schirmacher setzte den musikalischen Einfall um und nach dem Auftritt waren die Freude und der Erfolg so durchschlagend, dass Ulrike M. gebeten wurde, es nicht bei einem einmaligen \u201eCoup\u201c zu belassen.&#46;&#46;&#46;<\/p>\n","protected":false},"author":1,"featured_media":0,"parent":420,"menu_order":0,"comment_status":"closed","ping_status":"closed","template":"","meta":{"footnotes":""},"class_list":["post-1490","page","type-page","status-publish","hentry"],"_links":{"self":[{"href":"https:\/\/ebg-schoenberg.com\/index.php?rest_route=\/wp\/v2\/pages\/1490","targetHints":{"allow":["GET"]}}],"collection":[{"href":"https:\/\/ebg-schoenberg.com\/index.php?rest_route=\/wp\/v2\/pages"}],"about":[{"href":"https:\/\/ebg-schoenberg.com\/index.php?rest_route=\/wp\/v2\/types\/page"}],"author":[{"embeddable":true,"href":"https:\/\/ebg-schoenberg.com\/index.php?rest_route=\/wp\/v2\/users\/1"}],"replies":[{"embeddable":true,"href":"https:\/\/ebg-schoenberg.com\/index.php?rest_route=%2Fwp%2Fv2%2Fcomments&post=1490"}],"version-history":[{"count":9,"href":"https:\/\/ebg-schoenberg.com\/index.php?rest_route=\/wp\/v2\/pages\/1490\/revisions"}],"predecessor-version":[{"id":14996,"href":"https:\/\/ebg-schoenberg.com\/index.php?rest_route=\/wp\/v2\/pages\/1490\/revisions\/14996"}],"up":[{"embeddable":true,"href":"https:\/\/ebg-schoenberg.com\/index.php?rest_route=\/wp\/v2\/pages\/420"}],"wp:attachment":[{"href":"https:\/\/ebg-schoenberg.com\/index.php?rest_route=%2Fwp%2Fv2%2Fmedia&parent=1490"}],"curies":[{"name":"wp","href":"https:\/\/api.w.org\/{rel}","templated":true}]}}