{"id":13095,"date":"2022-08-14T07:44:49","date_gmt":"2022-08-14T06:44:49","guid":{"rendered":"https:\/\/ebg-schoenberg.com\/?page_id=13095"},"modified":"2023-07-04T06:09:46","modified_gmt":"2023-07-04T05:09:46","slug":"schuljahr-2022-2023","status":"publish","type":"page","link":"https:\/\/ebg-schoenberg.com\/?page_id=13095","title":{"rendered":"Schuljahr 2022\/2023"},"content":{"rendered":"\n<ul class=\"wp-block-list\"><li><a href=\"https:\/\/ebg-schoenberg.com\/?p=13551\">Bummi Olympiade in Sch\u00f6nberg am 22.06.2023<\/a> (04.07.2023)<\/li><li><a href=\"https:\/\/ebg-schoenberg.com\/?p=13545\">JtfO-Fu\u00dfball WK-II-Landesfinale<\/a> (21.06.2023)<\/li><li><a href=\"https:\/\/ebg-schoenberg.com\/?p=13527\">K\u00e4nguru der Mathematik 2023<\/a> (08.05.2023)<\/li><li><a href=\"https:\/\/ebg-schoenberg.com\/?p=13520\">Summer Klezmer Concert am 12.06.2023 um 18.30 Uhr im Orpheum-Lichtspiele Sch\u00f6nberg<\/a> (24.04.2023)<\/li><li><a href=\"https:\/\/ebg-schoenberg.com\/?p=13516\">Der Fr\u00fchling ist da! Und mit ihm auch endlich wieder das EBG-Fr\u00fchlingskonzert!<\/a> (24.04.2023)<\/li><li><a href=\"https:\/\/ebg-schoenberg.com\/?p=13505\">Die Fu\u00dfballer des Ernst- Barlach- Gymnasiums erreichen die Qualifikation f\u00fcr das Landesfinale<\/a> (19.04.2023)<\/li><li><a href=\"https:\/\/ebg-schoenberg.com\/?p=13497\">GEOSCOPIA-Rohstoffexpedition<\/a> (19.04.2023)<\/li><li><a href=\"https:\/\/ebg-schoenberg.com\/?p=13487\">Frohe Ostern<\/a> (31.03.2023)<\/li><li><a href=\"https:\/\/ebg-schoenberg.com\/?p=13490\">Erfolgreiche Teilnahme beim Fu\u00dfballturnier in Wismar<\/a> (31.03.2023)<\/li><li><a href=\"https:\/\/ebg-schoenberg.com\/?p=13481\">Social Media Detox Tag am 23.03.2023<\/a> (17.03.2023)<\/li><li><a href=\"https:\/\/ebg-schoenberg.com\/?p=13476\">Tag der Physik \/ Physikolympiade am 07.03.2023<\/a><\/li><li><a href=\"https:\/\/ebg-schoenberg.com\/?p=13455\">Skifahrt ins Zillertal vom 03.02.-11.02.2023<\/a> (22.02.2023)<\/li><li><a href=\"https:\/\/ebg-schoenberg.com\/?p=13434\">Organisation Amnesty international<\/a> (06.02.2023)<\/li><li><a href=\"https:\/\/ebg-schoenberg.com\/?p=13421\">Teilnahme am Basketball-Landesfinale<\/a> (02.02.2023)<\/li><li><a href=\"https:\/\/ebg-schoenberg.com\/?p=13411\">Informatik-Biber 2022<\/a> (29.01.2023)<\/li><li><a href=\"https:\/\/ebg-schoenberg.com\/?p=13405\">Casting zum Fr\u00fchlingskonzert<\/a> (25.01.2023)<\/li><li><a href=\"https:\/\/ebg-schoenberg.com\/?p=13402\">Herbstrunde des Chemkids-Wettbewerbs-Auswertung<\/a> (23.01.2023)<\/li><li><a href=\"https:\/\/ebg-schoenberg.com\/?p=13389\">Auf zum Landesfinale!<\/a> (18.01.2023)<\/li><li><a href=\"https:\/\/ebg-schoenberg.com\/?p=13378\">Siegertreppchen knapp verpasst beim Volleyball Regionalfinale ,,Jugend trainiert f\u00fcr Olympia\u201c<\/a> (16.01.2023)<\/li><li><a href=\"https:\/\/ebg-schoenberg.com\/?p=13372\">Das EBG zeigt Flagge<\/a> (12.01.2023)<\/li><li><a href=\"https:\/\/ebg-schoenberg.com\/?p=13353\">Regelung des Schulbetriebs bei besonderen Witterungsbedingungen<\/a> (20.12.2022)<\/li><li><a href=\"https:\/\/ebg-schoenberg.com\/?p=13351\">Neue Busfahrpl\u00e4ne ab 11.Dezember 2022<\/a> (20.12.2022)<\/li><li><a href=\"https:\/\/ebg-schoenberg.com\/?p=13326\">Endlich wieder ein Weihnachtskonzert!<\/a> (13.12.2022)<\/li><li><a href=\"https:\/\/ebg-schoenberg.com\/?p=13314\">Weihnachtskonzert am 10.12.2022<\/a> (05.12.2022)<\/li><li><a href=\"https:\/\/ebg-schoenberg.com\/?p=13311\">Eine bemerkenswerte Fahrt in die Vergangenheit<\/a> (05.12.2022)<\/li><li><a href=\"https:\/\/ebg-schoenberg.com\/?p=13294\">\u00dcberraschender Sieg der M\u00e4dchen beim Volleyball Kreisfinale ,,Jugend trainiert f\u00fcr Olympia\u2019\u2019<\/a> (01.12.2022)<\/li><li><a href=\"https:\/\/ebg-schoenberg.com\/?p=13287\">Konzertbesuch in der Muk<\/a> (29.11.2022)<\/li><li><a href=\"https:\/\/ebg-schoenberg.com\/?p=13282\">Kinobesuch der 9. Klassen am 24.11.22 im Kino Sch\u00f6nberg \u201e DR. SCHIWAGO\u201c<\/a> (29.11.2022)<\/li><li><a href=\"https:\/\/ebg-schoenberg.com\/?p=13267\">Schulsanit\u00e4ter*innen-Ausbildung am 05.11. u. 26.11.22<\/a> (28.11.2022)<\/li><li><a rel=\"noreferrer noopener\" href=\"https:\/\/ebg-schoenberg.com\/?p=13262\" target=\"_blank\">Online Befragung zur Internet- und Smartphonenutzung<\/a> (28.11.2022)<\/li><li><a href=\"https:\/\/ebg-schoenberg.com\/?p=13254\">Einladung zum zentralen Elternsprechtag am 23.11.2022<\/a><\/li><li><a href=\"https:\/\/ebg-schoenberg.com\/?p=13245\">Mathematikolympiade am 26.09.2022<\/a> (19.10.2022)<\/li><li><a href=\"https:\/\/ebg-schoenberg.com\/?p=13234\">Teilnahme an der Herbstrunde 2022\/2023 des Chemkids-Wettbewerbs <\/a>(18.10.2022)<\/li><li><a href=\"https:\/\/ebg-schoenberg.com\/?p=13222\">Jugend trainiert f\u00fcr Olympia-Leichtathletik<\/a> (04.10.2022)<\/li><li><a href=\"https:\/\/ebg-schoenberg.com\/?p=13212\">7. Schul-Corona-Verordnung<\/a> (04.10.2022)<\/li><li><a href=\"https:\/\/ebg-schoenberg.com\/?p=13207\">M+E-Infotruck<\/a> (03.10.2022)<\/li><li><a href=\"https:\/\/ebg-schoenberg.com\/?p=13199\">Schulsanit\u00e4tsdienst<\/a> (28.09.2022)<\/li><li><a href=\"https:\/\/ebg-schoenberg.com\/?p=13187\">Aktionsprogramm des Landes M-V \u201cStark machen und Anschluss sichern\u201d im Schuljahr 2022-2023_ Ma\u00dfnahme: Tutorenprogramm \u201cSch\u00fclernachhilfe\u201d<\/a> (21.09.2022)<\/li><li><a href=\"https:\/\/ebg-schoenberg.com\/?p=13172\">Kunstprojekt der Klassenstufe 12<\/a><\/li><li><a href=\"https:\/\/ebg-schoenberg.com\/?p=13142\">Schulgottesdienst am 09.09.2022<\/a><\/li><li><a href=\"https:\/\/ebg-schoenberg.com\/?p=13108\">Unsere Kennenlerntage am Gymnasium<\/a> (23.08.2022)<\/li><li><a href=\"https:\/\/ebg-schoenberg.com\/?p=13058\">Wahl der Mitwirkungsgremien<\/a> (05.08.2022)<\/li><li><a href=\"https:\/\/ebg-schoenberg.com\/?p=13065\">Besetzung der Schule und Leitungsdienst_2022-2023<\/a> (05.08.2022)<\/li><\/ul>\n\n\n\n<p><\/p>\n","protected":false},"excerpt":{"rendered":"<p>Bummi Olympiade in Sch\u00f6nberg am 22.06.2023 (04.07.2023) JtfO-Fu\u00dfball WK-II-Landesfinale (21.06.2023) K\u00e4nguru der Mathematik 2023 (08.05.2023) Summer Klezmer Concert am 12.06.2023 um 18.30 Uhr im Orpheum-Lichtspiele Sch\u00f6nberg (24.04.2023) Der Fr\u00fchling ist da! Und mit ihm auch endlich wieder das EBG-Fr\u00fchlingskonzert! (24.04.2023) Die Fu\u00dfballer des Ernst- Barlach- Gymnasiums erreichen die Qualifikation f\u00fcr das Landesfinale (19.04.2023) GEOSCOPIA-Rohstoffexpedition (19.04.2023)&#46;&#46;&#46;<\/p>\n","protected":false},"author":9,"featured_media":0,"parent":0,"menu_order":0,"comment_status":"closed","ping_status":"closed","template":"","meta":{"footnotes":""},"class_list":["post-13095","page","type-page","status-publish","hentry"],"_links":{"self":[{"href":"https:\/\/ebg-schoenberg.com\/index.php?rest_route=\/wp\/v2\/pages\/13095","targetHints":{"allow":["GET"]}}],"collection":[{"href":"https:\/\/ebg-schoenberg.com\/index.php?rest_route=\/wp\/v2\/pages"}],"about":[{"href":"https:\/\/ebg-schoenberg.com\/index.php?rest_route=\/wp\/v2\/types\/page"}],"author":[{"embeddable":true,"href":"https:\/\/ebg-schoenberg.com\/index.php?rest_route=\/wp\/v2\/users\/9"}],"replies":[{"embeddable":true,"href":"https:\/\/ebg-schoenberg.com\/index.php?rest_route=%2Fwp%2Fv2%2Fcomments&post=13095"}],"version-history":[{"count":53,"href":"https:\/\/ebg-schoenberg.com\/index.php?rest_route=\/wp\/v2\/pages\/13095\/revisions"}],"predecessor-version":[{"id":13553,"href":"https:\/\/ebg-schoenberg.com\/index.php?rest_route=\/wp\/v2\/pages\/13095\/revisions\/13553"}],"wp:attachment":[{"href":"https:\/\/ebg-schoenberg.com\/index.php?rest_route=%2Fwp%2Fv2%2Fmedia&parent=13095"}],"curies":[{"name":"wp","href":"https:\/\/api.w.org\/{rel}","templated":true}]}}