{"id":1131,"date":"2013-09-12T06:32:56","date_gmt":"2013-09-12T05:32:56","guid":{"rendered":"http:\/\/wp2.ebg-schoenberg.com\/?page_id=1131"},"modified":"2013-09-12T06:35:27","modified_gmt":"2013-09-12T05:35:27","slug":"unfallmeldung","status":"publish","type":"page","link":"https:\/\/ebg-schoenberg.com\/?page_id=1131","title":{"rendered":"Unfallmeldung"},"content":{"rendered":"<p>Sehr geehrte Eltern,<\/p>\n<p>der Landkreis Nordwestmecklenburg m\u00f6chte hiermit den betroffenen Eltern mitteilen, dass bei einem Sch\u00fclerunfall an unserem Gymnasium der folgende Durchgangsarzt t\u00e4tig wird:<\/p>\n<p>Chirurgische Praxis Dr. Markschies und Dr. Sedl<br \/>\nFeldstra\u00dfe 23 a<br \/>\n23923 Sch\u00f6nberg<br \/>\n038828 &#8211; 24380<\/p>\n","protected":false},"excerpt":{"rendered":"<p>Sehr geehrte Eltern, der Landkreis Nordwestmecklenburg m\u00f6chte hiermit den betroffenen Eltern mitteilen, dass bei einem Sch\u00fclerunfall an unserem Gymnasium der folgende Durchgangsarzt t\u00e4tig wird: Chirurgische Praxis Dr. Markschies und Dr. Sedl Feldstra\u00dfe 23 a 23923 Sch\u00f6nberg 038828 &#8211; 24380<\/p>\n","protected":false},"author":1,"featured_media":0,"parent":203,"menu_order":0,"comment_status":"closed","ping_status":"closed","template":"","meta":{"footnotes":""},"class_list":["post-1131","page","type-page","status-publish","hentry"],"_links":{"self":[{"href":"https:\/\/ebg-schoenberg.com\/index.php?rest_route=\/wp\/v2\/pages\/1131","targetHints":{"allow":["GET"]}}],"collection":[{"href":"https:\/\/ebg-schoenberg.com\/index.php?rest_route=\/wp\/v2\/pages"}],"about":[{"href":"https:\/\/ebg-schoenberg.com\/index.php?rest_route=\/wp\/v2\/types\/page"}],"author":[{"embeddable":true,"href":"https:\/\/ebg-schoenberg.com\/index.php?rest_route=\/wp\/v2\/users\/1"}],"replies":[{"embeddable":true,"href":"https:\/\/ebg-schoenberg.com\/index.php?rest_route=%2Fwp%2Fv2%2Fcomments&post=1131"}],"version-history":[{"count":3,"href":"https:\/\/ebg-schoenberg.com\/index.php?rest_route=\/wp\/v2\/pages\/1131\/revisions"}],"predecessor-version":[{"id":1134,"href":"https:\/\/ebg-schoenberg.com\/index.php?rest_route=\/wp\/v2\/pages\/1131\/revisions\/1134"}],"up":[{"embeddable":true,"href":"https:\/\/ebg-schoenberg.com\/index.php?rest_route=\/wp\/v2\/pages\/203"}],"wp:attachment":[{"href":"https:\/\/ebg-schoenberg.com\/index.php?rest_route=%2Fwp%2Fv2%2Fmedia&parent=1131"}],"curies":[{"name":"wp","href":"https:\/\/api.w.org\/{rel}","templated":true}]}}