{"id":11084,"date":"2019-10-03T05:37:10","date_gmt":"2019-10-03T04:37:10","guid":{"rendered":"https:\/\/ebg-schoenberg.com\/?page_id=11084"},"modified":"2019-10-03T06:09:18","modified_gmt":"2019-10-03T05:09:18","slug":"schuljahr-2018-2019","status":"publish","type":"page","link":"https:\/\/ebg-schoenberg.com\/?page_id=11084","title":{"rendered":"Schuljahr 2018\/2019"},"content":{"rendered":"<ul>\n<li><a href=\"https:\/\/ebg-schoenberg.com\/?p=10992\">Verabschiedung Frau Drews (22.06.2019)<\/a><\/li>\n<li><a href=\"https:\/\/ebg-schoenberg.com\/?p=10975\">Tafeln zur Geschichte Sch\u00f6nbergs (15.06.2019)<\/a><\/li>\n<li><a href=\"https:\/\/ebg-schoenberg.com\/?p=10965\">Jugend trainiert f\u00fcr Olympia (04. und 05.06.2019)<\/a><\/li>\n<li><a href=\"https:\/\/ebg-schoenberg.com\/?p=10930\">Fr\u00fchlingskonzert (10.05.2019)<\/a><\/li>\n<li><a href=\"http:\/\/St. Petersburg\">G\u00e4ste aus St. Petersburg (10.05.2019) <\/a>und <a href=\"https:\/\/ebg-schoenberg.com\/?p=10972\">03.05. &#8211; 10.05.2019<\/a><\/li>\n<li><a href=\"https:\/\/ebg-schoenberg.com\/?p=10948\">Kreisfinale Leichtathletik (09.05.2019)<\/a><\/li>\n<li><a href=\"https:\/\/ebg-schoenberg.com\/?p=10920\">Theaterauff\u00fchrung &#8222;Die Welle&#8220; (22.03.2019)<\/a><\/li>\n<li><a href=\"https:\/\/ebg-schoenberg.com\/?p=10914\">Besuch der Ministerin und des Rektors der Uni Rostock am EBG (20.03.2019)<\/a><\/li>\n<li><a href=\"https:\/\/ebg-schoenberg.com\/?p=10892\">Qualifikation f\u00fcr das Landesfinale (25.01.2019)<\/a><\/li>\n<li><a href=\"https:\/\/ebg-schoenberg.com\/?p=10882\">Tag der offenen T\u00fcr am 17.01.2019<\/a><\/li>\n<li><a href=\"https:\/\/ebg-schoenberg.com\/?p=10886\">Qualifikation f\u00fcr das Landesfinale (10.01.2019)<\/a><\/li>\n<li><a href=\"https:\/\/ebg-schoenberg.com\/?p=10863\">12. Weihnachtskonzert am 07.12.2018<\/a><\/li>\n<li><a href=\"https:\/\/ebg-schoenberg.com\/?p=10857\">Sieg der Sch\u00fclerfirmen (23.1.2018)<\/a><\/li>\n<li><a href=\"https:\/\/ebg-schoenberg.com\/?p=10849\">Erinnerungen &#8211; Kriegsgr\u00e4berf\u00fcrsorge (22.11.2018)<\/a><\/li>\n<li><a href=\"https:\/\/ebg-schoenberg.com\/?p=10846\">Die neuen Smartboards sind da! (19.11.2018)<\/a><\/li>\n<li><a href=\"https:\/\/ebg-schoenberg.com\/?p=10839\">Gespr\u00e4ch mit Ministerpr\u00e4sidentin und Bildungsministerinnen (09.11.2018)<\/a><\/li>\n<li><a href=\"https:\/\/ebg-schoenberg.com\/?p=10834\">Crashkurs<\/a> (08.11.2018)<\/li>\n<li><a href=\"https:\/\/ebg-schoenberg.com\/?p=10829\">EBG erfolgreich beim Kreisfinale (25.10.2018)<\/a><\/li>\n<li><a href=\"https:\/\/ebg-schoenberg.com\/?p=10821\">Siegerehrung Matheolympide (10.10.2018)<\/a><\/li>\n<li><a href=\"https:\/\/ebg-schoenberg.com\/?p=10812\">EBG hat neuen Schulleiter (30.09.2018)<\/a><\/li>\n<li>58. <a href=\"https:\/\/ebg-schoenberg.com\/?p=10797\">Mathematikolympiade<\/a> (25.09.2018)<\/li>\n<li><a href=\"https:\/\/ebg-schoenberg.com\/?p=10777\">Aktion &#8222;Besser Bus&#8220; (23.09.2018)<\/a><\/li>\n<li><a href=\"https:\/\/ebg-schoenberg.com\/?p=10772\">Besuch von der Thomas Mann Schule aus L\u00fcbeck <\/a>(22.09.2018)<\/li>\n<li><a href=\"https:\/\/ebg-schoenberg.com\/?p=10763\">Management wechselte (08.09.2018)<\/a><\/li>\n<li><a href=\"https:\/\/ebg-schoenberg.com\/?p=10759\">EBG erfolgreich bei Chemkids (01.09.2018)<\/a><\/li>\n<li><a href=\"https:\/\/ebg-schoenberg.com\/?p=10747\">EBG als engagiertestes Gymnasium bei Chemkids<\/a> (01.09.201998)<\/li>\n<\/ul>\n","protected":false},"excerpt":{"rendered":"<p>Verabschiedung Frau Drews (22.06.2019) Tafeln zur Geschichte Sch\u00f6nbergs (15.06.2019) Jugend trainiert f\u00fcr Olympia (04. und 05.06.2019) Fr\u00fchlingskonzert (10.05.2019) G\u00e4ste aus St. Petersburg (10.05.2019) und 03.05. &#8211; 10.05.2019 Kreisfinale Leichtathletik (09.05.2019) Theaterauff\u00fchrung &#8222;Die Welle&#8220; (22.03.2019) Besuch der Ministerin und des Rektors der Uni Rostock am EBG (20.03.2019) Qualifikation f\u00fcr das Landesfinale (25.01.2019) Tag der offenen T\u00fcr&#46;&#46;&#46;<\/p>\n","protected":false},"author":106,"featured_media":0,"parent":108,"menu_order":0,"comment_status":"closed","ping_status":"closed","template":"","meta":{"footnotes":""},"class_list":["post-11084","page","type-page","status-publish","hentry"],"_links":{"self":[{"href":"https:\/\/ebg-schoenberg.com\/index.php?rest_route=\/wp\/v2\/pages\/11084","targetHints":{"allow":["GET"]}}],"collection":[{"href":"https:\/\/ebg-schoenberg.com\/index.php?rest_route=\/wp\/v2\/pages"}],"about":[{"href":"https:\/\/ebg-schoenberg.com\/index.php?rest_route=\/wp\/v2\/types\/page"}],"author":[{"embeddable":true,"href":"https:\/\/ebg-schoenberg.com\/index.php?rest_route=\/wp\/v2\/users\/106"}],"replies":[{"embeddable":true,"href":"https:\/\/ebg-schoenberg.com\/index.php?rest_route=%2Fwp%2Fv2%2Fcomments&post=11084"}],"version-history":[{"count":5,"href":"https:\/\/ebg-schoenberg.com\/index.php?rest_route=\/wp\/v2\/pages\/11084\/revisions"}],"predecessor-version":[{"id":11091,"href":"https:\/\/ebg-schoenberg.com\/index.php?rest_route=\/wp\/v2\/pages\/11084\/revisions\/11091"}],"up":[{"embeddable":true,"href":"https:\/\/ebg-schoenberg.com\/index.php?rest_route=\/wp\/v2\/pages\/108"}],"wp:attachment":[{"href":"https:\/\/ebg-schoenberg.com\/index.php?rest_route=%2Fwp%2Fv2%2Fmedia&parent=11084"}],"curies":[{"name":"wp","href":"https:\/\/api.w.org\/{rel}","templated":true}]}}