{"id":10609,"date":"2018-05-17T09:20:42","date_gmt":"2018-05-17T08:20:42","guid":{"rendered":"http:\/\/ebg-schoenberg.com\/?page_id=10609"},"modified":"2023-07-13T19:00:29","modified_gmt":"2023-07-13T17:00:29","slug":"impressum-2","status":"publish","type":"page","link":"https:\/\/ebg-schoenberg.com\/?page_id=10609","title":{"rendered":"Impressum"},"content":{"rendered":"<p><strong>Verantwortlich im Sinne des Telemediengesetzes (Angaben gem\u00e4\u00df \u00a7 5 TMG)<\/strong><\/p>\n<p>Herr Torsten Barth<br \/>\nSchulleiter am Ernst-Barlach-Gymnasium Sch\u00f6nberg<br \/>\nGoetheplatz 5<br \/>\n23923 Sch\u00f6nberg<\/p>\n<p>Tel.: 038828 24433<br \/>\nFax.: 038828 23633<\/p>\n<p>E-Mail: <a href=\"mailto:sekretariat@ebg-schoenberg.com\">sekretariat@ebg-schoenberg.com<\/a><\/p>\n<p><strong>Tr\u00e4ger als Diensteanbieter im Sinne des Teledienstgesetzes \/ Mediendienstestaatsvertrages<\/strong><br \/>\nLandkreis Nordwestmecklenburg<\/p>\n<p>Rostocker Stra\u00dfe 76<br \/>\n23970 Wismar<\/p>\n<p><strong>Telefon:<\/strong>\u00a0(Zentrale): 03841 3040 0<\/p>\n<p><strong>Telefax:<\/strong>\u00a003841 3040 6599<\/p>\n<p><strong>E-Mail:<\/strong>\u00a0<a href=\"mailto:landraetin@nordwestmecklenburg.de\">landrat@nordwestmecklenburg.de<\/a><\/p>\n<p>Der Landkreis Nordwestmecklenburg ist eine K\u00f6rperschaft \u00f6ffentlichen Rechts und wird vertreten durch den Landrat Herr Tino Schomann<\/p>\n<p><strong>Aufsichtsbeh\u00f6rde f\u00fcr den Landkreis Nordwestmecklenburg:<\/strong><br \/>\nMinisterium f\u00fcr Inneres und Sport Mecklenburg-Vorpommern<\/p>\n<p>Alexandrinenstra\u00dfe 1<br \/>\n19055 Schwerin<br \/>\n<strong>Telefon:<\/strong>\u00a00385 588 0<br \/>\n<strong>Telefax:<\/strong>\u00a00385 588 2972<br \/>\n<strong>E-Mail:<\/strong>\u00a0<a href=\"mailto:poststelle@im.mv-regierung.de\">poststelle@im.mv-regierung.de<\/a><\/p>\n<p><strong>Haftungsausschluss<\/strong><\/p>\n<ol>\n<li>Inhalt des Onlineangebotes<\/li>\n<\/ol>\n<p>Anbieter und Betreiber \u00fcbernehmen keinerlei Gew\u00e4hr f\u00fcr die Aktualit\u00e4t, Korrektheit, Vollst\u00e4ndigkeit oder Qualit\u00e4t der bereitgestellten Informationen. Haftungsanspr\u00fcche gegen Anbieter und Betreiber, welche sich auf Sch\u00e4den materieller oder ideeller Art beziehen, die durch die Nutzung oder Nichtnutzung der dargebotenen Informationen bzw. durch die Nutzung fehlerhafter und unvollst\u00e4ndiger Informationen verursacht wurden, sind ausgeschlossen.<\/p>\n<p>Anbieter und Betreiber behalten sich ausdr\u00fccklich das Recht vor, Teile der Seiten oder das gesamte Angebot ohne gesonderte Ank\u00fcndigung zu ver\u00e4ndern, zu erg\u00e4nzen, zu l\u00f6schen oder die Ver\u00f6ffentlichung zeitweise oder endg\u00fcltig einzustellen.<\/p>\n<ol start=\"2\">\n<li>Verweise und Links<\/li>\n<\/ol>\n<p>Anbieter und Betreiber erkl\u00e4ren hiermit, dass sie zum Zeitpunkt der Linkrecherche bzw. Linksetzung die zu verlinkenden Seiten auf illegale Inhalte gepr\u00fcft haben und solche nicht erkannt wurden. Auf Gestaltung oder Urheberschaft der gelinkten\/verkn\u00fcpften Seiten haben Anbieter und Betreiber keinen Einfluss. F\u00fcr illegale, fehlerhafte oder unvollst\u00e4ndige Inhalte und insbesondere f\u00fcr Sch\u00e4den, die aus der Nutzung oder Nichtnutzung solcherart dargebotener Informationen entstehen, haftet allein der origin\u00e4re Anbieter der Seite, auf welche verwiesen wurde.<\/p>\n<ol start=\"3\">\n<li>Urheber- und Kennzeichenrecht<\/li>\n<\/ol>\n<p>Anbieter und Betreiber beachten die Urheberrechte der verwendeten Bilder, Grafiken, Tondokumente, Videosequenzen und Texte. Es wird angestrebt, vom Anbieter und Betreiber selbst erstelltes Material zu nutzen oder auf lizenzfreie Bilder, Grafiken, Tondokumente, Videosequenzen und Texte zur\u00fcckzugreifen.<\/p>\n<p>Alle innerhalb des Portals genannten und ggf. durch Dritte gesch\u00fctzten Marken- und Warenzeichen unterliegen uneingeschr\u00e4nkt den Bestimmungen des jeweils g\u00fcltigen Kennzeichenrechts und den Besitzrechten der jeweiligen eingetragenen Eigent\u00fcmer. Allein aufgrund der blo\u00dfen Nennung ist nicht der Schluss zu ziehen, dass Markenzeichen nicht durch Rechte Dritter gesch\u00fctzt sind.<\/p>\n<p>Das Copyright f\u00fcr ver\u00f6ffentlichte, vom redaktionellen Betreiber selbst erstellte Objekte, bleibt allein beim Anbieter und Betreiber der Seiten. Eine Vervielf\u00e4ltigung oder Verwendung solcher Bilder, Grafiken, Tondokumente, Videosequenzen und Texte in anderen elektronischen oder gedruckten Publikationen ist ohne ausdr\u00fcckliche Zustimmung des Anbieters und Betreibers nicht gestattet.<\/p>\n<p><strong>Disclaimer<\/strong><\/p>\n<p>Der Landkreis Nordwestmecklenburg \u00fcbernimmt keine Gew\u00e4hrleistung und keine Haftung im Zusammenhang mit jeglicher Nutzung der Informationen auf dieser Homepage.<\/p>\n<p>Der Landkreis Nordwestmecklenburg ist nicht verantwortlich f\u00fcr die Inhalte von Seiten, auf die von diesem Auftritt verlinkt wird.<\/p>\n<p><strong>Datenschutzrechtliche Belange kl\u00e4ren Sie mit:<\/strong><\/p>\n<p>Zweckverband Elektronischer Verwaltung in Mecklenburg-Vorpommern<br \/>\nDie Gemeinsamen Datenschutzbeauftragten<br \/>\nEckdrift 103<br \/>\n19061 Schwerin<br \/>\nTelefon: 0385\/77334-51<br \/>\nE-Mail: datenschutz@ego-mv.de<\/p>\n","protected":false},"excerpt":{"rendered":"<p>Verantwortlich im Sinne des Telemediengesetzes (Angaben gem\u00e4\u00df \u00a7 5 TMG) Herr Torsten Barth Schulleiter am Ernst-Barlach-Gymnasium Sch\u00f6nberg Goetheplatz 5 23923 Sch\u00f6nberg Tel.: 038828 24433 Fax.: 038828 23633 E-Mail: sekretariat@ebg-schoenberg.com Tr\u00e4ger als Diensteanbieter im Sinne des Teledienstgesetzes \/ Mediendienstestaatsvertrages Landkreis Nordwestmecklenburg Rostocker Stra\u00dfe 76 23970 Wismar Telefon:\u00a0(Zentrale): 03841 3040 0 Telefax:\u00a003841 3040 6599 E-Mail:\u00a0landrat@nordwestmecklenburg.de Der Landkreis&#46;&#46;&#46;<\/p>\n","protected":false},"author":106,"featured_media":0,"parent":0,"menu_order":0,"comment_status":"closed","ping_status":"closed","template":"","meta":{"footnotes":""},"class_list":["post-10609","page","type-page","status-publish","hentry"],"_links":{"self":[{"href":"https:\/\/ebg-schoenberg.com\/index.php?rest_route=\/wp\/v2\/pages\/10609","targetHints":{"allow":["GET"]}}],"collection":[{"href":"https:\/\/ebg-schoenberg.com\/index.php?rest_route=\/wp\/v2\/pages"}],"about":[{"href":"https:\/\/ebg-schoenberg.com\/index.php?rest_route=\/wp\/v2\/types\/page"}],"author":[{"embeddable":true,"href":"https:\/\/ebg-schoenberg.com\/index.php?rest_route=\/wp\/v2\/users\/106"}],"replies":[{"embeddable":true,"href":"https:\/\/ebg-schoenberg.com\/index.php?rest_route=%2Fwp%2Fv2%2Fcomments&post=10609"}],"version-history":[{"count":8,"href":"https:\/\/ebg-schoenberg.com\/index.php?rest_route=\/wp\/v2\/pages\/10609\/revisions"}],"predecessor-version":[{"id":13682,"href":"https:\/\/ebg-schoenberg.com\/index.php?rest_route=\/wp\/v2\/pages\/10609\/revisions\/13682"}],"wp:attachment":[{"href":"https:\/\/ebg-schoenberg.com\/index.php?rest_route=%2Fwp%2Fv2%2Fmedia&parent=10609"}],"curies":[{"name":"wp","href":"https:\/\/api.w.org\/{rel}","templated":true}]}}